{"id":323,"date":"2025-02-02T17:13:09","date_gmt":"2025-02-02T08:13:09","guid":{"rendered":"https:\/\/www.kufm.kagoshima-u.ac.jp\/~med\/wpo\/?page_id=323"},"modified":"2025-06-16T20:55:14","modified_gmt":"2025-06-16T11:55:14","slug":"bunyabetsuhyoka","status":"publish","type":"page","link":"https:\/\/www.kufm.kagoshima-u.ac.jp\/~med\/bunyabetsuhyoka\/","title":{"rendered":"\u533b\u5b66\u6559\u80b2\u5206\u91ce\u5225\u8a55\u4fa1"},"content":{"rendered":"<p>\u9e7f\u5150\u5cf6\u5927\u5b66\u533b\u5b66\u90e8\u533b\u5b66\u79d1\u306f\u3001\u65e5\u672c\u533b\u5b66\u6559\u80b2\u8a55\u4fa1\u6a5f\u69cb\uff08JACME\uff09\u306b\u3088\u308b\u533b\u5b66\u6559\u80b2\u5206\u91ce\u5225\u8a55\u4fa1\u3092\u53d7\u5be9\u3057\u305f\u7d50\u679c\u3001\u8a55\u4fa1\u57fa\u6e96\u306b\u9069\u5408\u3057\u3066\u3044\u308b\u3053\u3068\u304c\u8a8d\u5b9a\u3055\u308c\u307e\u3057\u305f\u3002<\/p>\n<h2>\u3010\uff12\u5de1\u76ee\u3011\u8a8d\u5b9a\u671f\u9593\uff1a\uff12\uff10\uff12\uff15\u5e74\uff16\u6708\uff11\u65e5\uff5e\uff12\uff10\uff13\uff12\u5e74\uff15\u6708\uff13\uff11\u65e5<\/h2>\n<h3>\u8a8d\u5b9a\u8a3c<\/h3>\n<p><img loading=\"lazy\" decoding=\"async\" class=\"alignnone  wp-image-1403\" src=\"https:\/\/www.kufm.kagoshima-u.ac.jp\/~med\/wpo\/wp-content\/uploads\/2025\/06\/license202506_JP--212x300.jpg\" alt=\"\" width=\"345\" height=\"488\" srcset=\"https:\/\/www.kufm.kagoshima-u.ac.jp\/~med\/wpo\/wp-content\/uploads\/2025\/06\/license202506_JP--212x300.jpg 212w, https:\/\/www.kufm.kagoshima-u.ac.jp\/~med\/wpo\/wp-content\/uploads\/2025\/06\/license202506_JP--724x1024.jpg 724w, https:\/\/www.kufm.kagoshima-u.ac.jp\/~med\/wpo\/wp-content\/uploads\/2025\/06\/license202506_JP--768x1086.jpg 768w, https:\/\/www.kufm.kagoshima-u.ac.jp\/~med\/wpo\/wp-content\/uploads\/2025\/06\/license202506_JP--1086x1536.jpg 1086w, https:\/\/www.kufm.kagoshima-u.ac.jp\/~med\/wpo\/wp-content\/uploads\/2025\/06\/license202506_JP-.jpg 1200w\" sizes=\"auto, (max-width: 345px) 100vw, 345px\" \/><img loading=\"lazy\" decoding=\"async\" class=\"alignnone  wp-image-1405\" src=\"https:\/\/www.kufm.kagoshima-u.ac.jp\/~med\/wpo\/wp-content\/uploads\/2025\/06\/license202506_EN-212x300.jpg\" alt=\"\" width=\"345\" height=\"488\" srcset=\"https:\/\/www.kufm.kagoshima-u.ac.jp\/~med\/wpo\/wp-content\/uploads\/2025\/06\/license202506_EN-212x300.jpg 212w, https:\/\/www.kufm.kagoshima-u.ac.jp\/~med\/wpo\/wp-content\/uploads\/2025\/06\/license202506_EN-724x1024.jpg 724w, https:\/\/www.kufm.kagoshima-u.ac.jp\/~med\/wpo\/wp-content\/uploads\/2025\/06\/license202506_EN-768x1086.jpg 768w, https:\/\/www.kufm.kagoshima-u.ac.jp\/~med\/wpo\/wp-content\/uploads\/2025\/06\/license202506_EN-1086x1536.jpg 1086w, https:\/\/www.kufm.kagoshima-u.ac.jp\/~med\/wpo\/wp-content\/uploads\/2025\/06\/license202506_EN.jpg 1200w\" sizes=\"auto, (max-width: 345px) 100vw, 345px\" \/><\/p>\n<h3>\u5831\u544a\u66f8<\/h3>\n<p><a href=\"https:\/\/www.kufm.kagoshima-u.ac.jp\/~med\/wpo\/wp-content\/uploads\/2025\/06\/license202506_3.pdf\" target=\"_blank\" rel=\"noopener\"><img decoding=\"async\" class=\"wf_file_icon\" style=\"border: 0px currentColor; vertical-align: middle;\" src=\"https:\/\/www.kufm.kagoshima-u.ac.jp\/~med\/wpo\/wp-content\/themes\/kagoshima-univ\/assets\/templates\/media\/jce\/icons\/pdf.png\" alt=\"pdf\" \/><span class=\"wf_file_text\">\u30fb\u81ea\u5df1\u70b9\u691c\u8a55\u4fa1\u5831\u544a\u66f8\uff08PDF\uff09<\/span><\/a><\/p>\n<p><a class=\"wf_file\" href=\"https:\/\/www.kufm.kagoshima-u.ac.jp\/~med\/wpo\/wp-content\/uploads\/2025\/06\/license202506_4.pdf\" target=\"_blank\" rel=\"noopener\"><img decoding=\"async\" class=\"wf_file_icon\" style=\"border: 0px currentColor; vertical-align: middle;\" src=\"https:\/\/www.kufm.kagoshima-u.ac.jp\/~med\/wpo\/wp-content\/themes\/kagoshima-univ\/assets\/templates\/media\/jce\/icons\/pdf.png\" alt=\"pdf\" \/><span class=\"wf_file_text\">\u30fb\u8a8d\u8a3c\u8a55\u4fa1\u5831\u544a\u66f8\uff08PDF\uff09<\/span><\/a><\/p>\n<p>&nbsp;<\/p>\n<h2>\u3010\uff11\u5de1\u76ee\u3011\u8a8d\u5b9a\u671f\u9593\uff1a\uff12\uff10\uff11\uff18\u5e74\uff14\u6708\uff11\u65e5\uff5e\uff12\uff10\uff12\uff15\u5e74\uff13\u6708\uff13\uff11\u65e5<\/h2>\n<h3>\u8a8d\u5b9a\u8a3c<\/h3>\n<p><img loading=\"lazy\" decoding=\"async\" class=\"\" src=\"https:\/\/www.kufm.kagoshima-u.ac.jp\/~med\/wpo\/wp-content\/uploads\/2025\/03\/license1.jpg\" alt=\"\u00e3\u00e9\u00b9\u00e5\u00e5\u00b3\u00e5\u00e5\u00e3\u00e8\u00aa\u00e5\u00e8\u00bc2018-00\u00e6\u00e6\u00e8\u00aa\u00e7\" width=\"345\" height=\"488\" \/><img loading=\"lazy\" decoding=\"async\" class=\"\" src=\"https:\/\/www.kufm.kagoshima-u.ac.jp\/~med\/wpo\/wp-content\/uploads\/2025\/03\/license2.jpg\" alt=\"\u00e3\u00e9\u00b9\u00e5\u00e5\u00b3\u00e5\u00e5\u00e3\u00e8\u00aa\u00e5\u00e8\u00bc2018-00\u00e8\u00e8\u00aa\u00e7\" width=\"345\" height=\"488\" \/><\/p>\n<p><a href=\"https:\/\/www.kufm.kagoshima-u.ac.jp\/~med\/wpo\/wp-content\/uploads\/2025\/04\/licence4.pdf\">\u8a8d\u5b9a\u671f\u9593\u306e\u5ef6\u9577\u306b\u3064\u3044\u3066<\/a><\/p>\n<p>\u5ef6\u9577\u671f\u9593\uff1a2025\u5e74\uff14\u6708\uff11\u65e5\uff5e2025\u5e74\uff15\u670831\u65e5<\/p>\n<h3>\u5831\u544a\u66f8<\/h3>\n<p><a class=\"wf_file\" href=\"https:\/\/www.kufm.kagoshima-u.ac.jp\/~med\/wpo\/wp-content\/uploads\/2025\/03\/license3.pdf\" target=\"_blank\" rel=\"noopener\"><img decoding=\"async\" class=\"wf_file_icon\" style=\"border: 0px currentColor; vertical-align: middle;\" src=\"https:\/\/www.kufm.kagoshima-u.ac.jp\/~med\/wpo\/wp-content\/themes\/kagoshima-univ\/assets\/templates\/media\/jce\/icons\/pdf.png\" alt=\"pdf\" \/><span class=\"wf_file_text\">\u30fb\u81ea\u5df1\u70b9\u691c\u8a55\u4fa1\u5831\u544a\u66f8\uff08PDF\uff09<\/span><\/a><\/p>\n<p><a class=\"wf_file\" href=\"https:\/\/www.kufm.kagoshima-u.ac.jp\/~med\/wpo\/wp-content\/uploads\/2025\/03\/license4.pdf\" target=\"_blank\" rel=\"noopener\"><img decoding=\"async\" class=\"wf_file_icon\" style=\"border: 0px currentColor; vertical-align: middle;\" src=\"https:\/\/www.kufm.kagoshima-u.ac.jp\/~med\/wpo\/wp-content\/themes\/kagoshima-univ\/assets\/templates\/media\/jce\/icons\/pdf.png\" alt=\"pdf\" \/><span class=\"wf_file_text\">\u30fb\u8a8d\u8a3c\u8a55\u4fa1\u5831\u544a\u66f8\uff08PDF\uff09<\/span><\/a><\/p>\n<p><span class=\"wf_file_text\"><a class=\"wf_file\" title=\"\u533b\u5b66\u6559\u80b2\u5206\u91ce\u5225\u8a55\u4fa1_\u5e74\u6b21\u5831\u544a\u66f82023\" href=\"https:\/\/www.kufm.kagoshima-u.ac.jp\/~med\/wpo\/wp-content\/themes\/kagoshima-univ\/images\/contents\/%E5%8C%BB%E5%AD%A6%E9%83%A8%E5%88%86%E9%87%8E%E5%88%A5%E8%A9%95%E4%BE%A1\/jacme_report2023.pdf\" target=\"_blank\" rel=\"noopener\"><img decoding=\"async\" class=\"wf_file_icon\" style=\"border: 0px; vertical-align: middle; max-width: inherit;\" src=\"https:\/\/www.kufm.kagoshima-u.ac.jp\/~med\/wpo\/wp-content\/themes\/kagoshima-univ\/assets\/templates\/media\/jce\/icons\/pdf.png\" alt=\"pdf\" \/>\u30fb<span class=\"wf_file_text\">\u5e74\u6b21\u5831\u544a\u66f8 2023\u5e74\u5ea6\uff08PDF\uff09<\/span><\/a><\/span><\/p>\n","protected":false},"excerpt":{"rendered":"<p>\u9e7f\u5150\u5cf6\u5927\u5b66\u533b\u5b66\u90e8\u533b\u5b66\u79d1\u306f\u3001\u65e5\u672c\u533b\u5b66\u6559\u80b2\u8a55\u4fa1\u6a5f\u69cb\uff08JACME\uff09\u306b\u3088\u308b\u533b\u5b66\u6559\u80b2\u5206\u91ce\u5225\u8a55\u4fa1\u3092\u53d7\u5be9\u3057\u305f\u7d50\u679c\u3001\u8a55\u4fa1\u57fa\u6e96\u306b\u9069\u5408\u3057\u3066\u3044\u308b\u3053\u3068\u304c\u8a8d\u5b9a\u3055\u308c\u307e\u3057\u305f\u3002 \u3010\uff12\u5de1\u76ee\u3011\u8a8d\u5b9a\u671f\u9593\uff1a\uff12\uff10\uff12\uff15\u5e74\uff16\u6708\uff11\u65e5\uff5e\uff12\uff10\uff13\uff12\u5e74\uff15\u6708\uff13\uff11\u65e5 \u8a8d\u5b9a\u8a3c \u5831\u544a [&hellip;]<\/p>\n","protected":false},"author":1,"featured_media":0,"parent":0,"menu_order":30,"comment_status":"closed","ping_status":"closed","template":"","meta":{"footnotes":""},"class_list":["post-323","page","type-page","status-publish","hentry"],"_links":{"self":[{"href":"https:\/\/www.kufm.kagoshima-u.ac.jp\/~med\/wp-json\/wp\/v2\/pages\/323","targetHints":{"allow":["GET"]}}],"collection":[{"href":"https:\/\/www.kufm.kagoshima-u.ac.jp\/~med\/wp-json\/wp\/v2\/pages"}],"about":[{"href":"https:\/\/www.kufm.kagoshima-u.ac.jp\/~med\/wp-json\/wp\/v2\/types\/page"}],"author":[{"embeddable":true,"href":"https:\/\/www.kufm.kagoshima-u.ac.jp\/~med\/wp-json\/wp\/v2\/users\/1"}],"replies":[{"embeddable":true,"href":"https:\/\/www.kufm.kagoshima-u.ac.jp\/~med\/wp-json\/wp\/v2\/comments?post=323"}],"version-history":[{"count":10,"href":"https:\/\/www.kufm.kagoshima-u.ac.jp\/~med\/wp-json\/wp\/v2\/pages\/323\/revisions"}],"predecessor-version":[{"id":1297,"href":"https:\/\/www.kufm.kagoshima-u.ac.jp\/~med\/wp-json\/wp\/v2\/pages\/323\/revisions\/1297"}],"wp:attachment":[{"href":"https:\/\/www.kufm.kagoshima-u.ac.jp\/~med\/wp-json\/wp\/v2\/media?parent=323"}],"curies":[{"name":"wp","href":"https:\/\/api.w.org\/{rel}","templated":true}]}}